{"id":2407,"date":"2020-03-06T07:58:00","date_gmt":"2020-03-06T07:58:00","guid":{"rendered":"http:\/\/wpdemo.archiwp.com\/engitech\/?page_id=2407"},"modified":"2025-07-21T10:51:12","modified_gmt":"2025-07-21T10:51:12","slug":"analyse-de-donnees","status":"publish","type":"page","link":"https:\/\/dataswing.ma\/index.php\/analyse-de-donnees\/","title":{"rendered":"Analyse de Donn\u00e9es"},"content":{"rendered":"\t\t<div data-elementor-type=\"wp-page\" data-elementor-id=\"2407\" class=\"elementor elementor-2407\">\n\t\t\t\t\t\t<section class=\"elementor-section elementor-top-section elementor-element elementor-element-185f36f ot-traditional elementor-section-boxed elementor-section-height-default elementor-section-height-default\" data-id=\"185f36f\" data-element_type=\"section\" data-e-type=\"section\" data-settings=\"{&quot;background_background&quot;:&quot;classic&quot;}\">\n\t\t\t\t\t\t<div class=\"elementor-container elementor-column-gap-extended\">\n\t\t\t\t\t<div class=\"elementor-column elementor-col-100 elementor-top-column elementor-element elementor-element-d2eda57 ot-flex-column-vertical\" data-id=\"d2eda57\" data-element_type=\"column\" data-e-type=\"column\">\n\t\t\t<div class=\"elementor-widget-wrap elementor-element-populated\">\n\t\t\t\t\t\t<div class=\"elementor-element elementor-element-a88b0b4 elementor-invisible elementor-widget elementor-widget-iheading\" data-id=\"a88b0b4\" data-element_type=\"widget\" data-e-type=\"widget\" data-settings=\"{&quot;_animation&quot;:&quot;zoomIn&quot;}\" data-widget_type=\"iheading.default\">\n\t\t\t\t<div class=\"elementor-widget-container\">\n\t\t\t\t\t\t\t<div class=\"ot-heading\">\r\n\t        \t            <span>Analyse Pr\u00e9dictive<\/span>\r\n\t        <h2 class=\"main-heading\">Nous exploitons l\u2019IA et les donn\u00e9es pour anticiper les tendances, optimiser vos d\u00e9cisions et am\u00e9liorer votre performance.<\/h2>\t    <\/div>\r\n\t    \t\t\t\t<\/div>\n\t\t\t\t<\/div>\n\t\t\t\t<div class=\"elementor-element elementor-element-e7c8eea elementor-invisible elementor-widget elementor-widget-image\" data-id=\"e7c8eea\" data-element_type=\"widget\" data-e-type=\"widget\" data-settings=\"{&quot;_animation&quot;:&quot;zoomIn&quot;}\" data-widget_type=\"image.default\">\n\t\t\t\t<div class=\"elementor-widget-container\">\n\t\t\t\t\t\t\t\t\t\t\t\t\t\t\t<img fetchpriority=\"high\" decoding=\"async\" width=\"2560\" height=\"1709\" src=\"https:\/\/dataswing.ma\/wp-content\/uploads\/2025\/03\/selective-focus-of-data-analysts-pointing-on-graphs-on-computer-monitor-while-testing-security-of-scaled.jpg\" class=\"attachment-full size-full wp-image-5282\" alt=\"\" srcset=\"https:\/\/dataswing.ma\/wp-content\/uploads\/2025\/03\/selective-focus-of-data-analysts-pointing-on-graphs-on-computer-monitor-while-testing-security-of-scaled.jpg 2560w, https:\/\/dataswing.ma\/wp-content\/uploads\/2025\/03\/selective-focus-of-data-analysts-pointing-on-graphs-on-computer-monitor-while-testing-security-of-300x200.jpg 300w, https:\/\/dataswing.ma\/wp-content\/uploads\/2025\/03\/selective-focus-of-data-analysts-pointing-on-graphs-on-computer-monitor-while-testing-security-of-1024x683.jpg 1024w, https:\/\/dataswing.ma\/wp-content\/uploads\/2025\/03\/selective-focus-of-data-analysts-pointing-on-graphs-on-computer-monitor-while-testing-security-of-768x513.jpg 768w, https:\/\/dataswing.ma\/wp-content\/uploads\/2025\/03\/selective-focus-of-data-analysts-pointing-on-graphs-on-computer-monitor-while-testing-security-of-1536x1025.jpg 1536w, https:\/\/dataswing.ma\/wp-content\/uploads\/2025\/03\/selective-focus-of-data-analysts-pointing-on-graphs-on-computer-monitor-while-testing-security-of-2048x1367.jpg 2048w, https:\/\/dataswing.ma\/wp-content\/uploads\/2025\/03\/selective-focus-of-data-analysts-pointing-on-graphs-on-computer-monitor-while-testing-security-of-720x481.jpg 720w\" sizes=\"(max-width: 2560px) 100vw, 2560px\" \/>\t\t\t\t\t\t\t\t\t\t\t\t\t\t\t<\/div>\n\t\t\t\t<\/div>\n\t\t\t\t\t<\/div>\n\t\t<\/div>\n\t\t\t\t\t<\/div>\n\t\t<\/section>\n\t\t\t\t<section class=\"elementor-section elementor-top-section elementor-element elementor-element-d95f0de ot-traditional elementor-section-boxed elementor-section-height-default elementor-section-height-default\" data-id=\"d95f0de\" data-element_type=\"section\" data-e-type=\"section\">\n\t\t\t\t\t\t<div class=\"elementor-container elementor-column-gap-extended\">\n\t\t\t\t\t<div class=\"elementor-column elementor-col-100 elementor-top-column elementor-element elementor-element-38075da ot-flex-column-vertical\" data-id=\"38075da\" data-element_type=\"column\" data-e-type=\"column\" data-settings=\"{&quot;background_background&quot;:&quot;classic&quot;}\">\n\t\t\t<div class=\"elementor-widget-wrap elementor-element-populated\">\n\t\t\t\t\t\t<section class=\"elementor-section elementor-inner-section elementor-element elementor-element-c4cd835 elementor-section-full_width ot-traditional elementor-section-height-default elementor-section-height-default\" data-id=\"c4cd835\" data-element_type=\"section\" data-e-type=\"section\">\n\t\t\t\t\t\t<div class=\"elementor-container elementor-column-gap-extended\">\n\t\t\t\t\t<div class=\"elementor-column elementor-col-33 elementor-inner-column elementor-element elementor-element-ff4d108 ot-flex-column-vertical\" data-id=\"ff4d108\" data-element_type=\"column\" data-e-type=\"column\">\n\t\t\t<div class=\"elementor-widget-wrap elementor-element-populated\">\n\t\t\t\t\t\t<div class=\"elementor-element elementor-element-cf91fd8 elementor-invisible elementor-widget elementor-widget-iiconbox1\" data-id=\"cf91fd8\" data-element_type=\"widget\" data-e-type=\"widget\" data-settings=\"{&quot;_animation&quot;:&quot;fadeInLeft&quot;}\" data-widget_type=\"iiconbox1.default\">\n\t\t\t\t<div class=\"elementor-widget-container\">\n\t\t\t\t\t\t\t<div class=\"icon-box-s1\">\r\n\t\t\t<div class=\"icon-main\">\r\n\t\t        \t\t\t    <img decoding=\"async\" src=\"https:\/\/dataswing.ma\/wp-content\/uploads\/2025\/03\/bases-de-donnees.png\" alt=\"Big Data\">\t\t        \t        <\/div>\r\n\t        <h5>Big Data<\/h5>\r\n\t        <div class=\"line-box\"><\/div>\r\n\t        <p>DSS offre des solutions avanc\u00e9es pour exploiter pleinement le potentiel de vos donn\u00e9es. Nous aidons votre entreprise \u00e0 tirer des insights significatifs, \u00e0 prendre des d\u00e9cisions \u00e9clair\u00e9es et \u00e0 rester comp\u00e9titive dans l\u2019\u00e8re du traitement de donn\u00e9es \u00e0 grande \u00e9chelle. <\/p>\r\n\t    <\/div>\r\n\t    \t\t\t\t<\/div>\n\t\t\t\t<\/div>\n\t\t\t\t\t<\/div>\n\t\t<\/div>\n\t\t\t\t<div class=\"elementor-column elementor-col-33 elementor-inner-column elementor-element elementor-element-9dbb489 ot-flex-column-vertical\" data-id=\"9dbb489\" data-element_type=\"column\" data-e-type=\"column\">\n\t\t\t<div class=\"elementor-widget-wrap elementor-element-populated\">\n\t\t\t\t\t\t<div class=\"elementor-element elementor-element-a87aa31 elementor-invisible elementor-widget elementor-widget-iiconbox1\" data-id=\"a87aa31\" data-element_type=\"widget\" data-e-type=\"widget\" data-settings=\"{&quot;_animation&quot;:&quot;fadeInDown&quot;}\" data-widget_type=\"iiconbox1.default\">\n\t\t\t\t<div class=\"elementor-widget-container\">\n\t\t\t\t\t\t\t<div class=\"icon-box-s1\">\r\n\t\t\t<div class=\"icon-main\">\r\n\t\t        \t\t\t    <img decoding=\"async\" src=\"https:\/\/dataswing.ma\/wp-content\/uploads\/2025\/03\/machine-learning.png\" alt=\"Machine learning et AI\">\t\t        \t        <\/div>\r\n\t        <h5>Machine learning et AI<\/h5>\r\n\t        <div class=\"line-box\"><\/div>\r\n\t        <p>DSS se distingue par son expertise en Machine Learning et Intelligence Artificielle, notamment avec des technologies leaders au march\u00e9 international telles que IBM Watson. Nous mettons en \u0153uvre des solutions avanc\u00e9es de ML et d\u2019IA pour vous aider \u00e0 exploiter au maximum le potentiel de vos donn\u00e9es<\/p>\r\n\t    <\/div>\r\n\t    \t\t\t\t<\/div>\n\t\t\t\t<\/div>\n\t\t\t\t\t<\/div>\n\t\t<\/div>\n\t\t\t\t<div class=\"elementor-column elementor-col-33 elementor-inner-column elementor-element elementor-element-157518a elementor-hidden-tablet ot-flex-column-vertical\" data-id=\"157518a\" data-element_type=\"column\" data-e-type=\"column\">\n\t\t\t<div class=\"elementor-widget-wrap elementor-element-populated\">\n\t\t\t\t\t\t<div class=\"elementor-element elementor-element-fd3a468 elementor-invisible elementor-widget elementor-widget-iiconbox1\" data-id=\"fd3a468\" data-element_type=\"widget\" data-e-type=\"widget\" data-settings=\"{&quot;_animation&quot;:&quot;fadeInRight&quot;}\" data-widget_type=\"iiconbox1.default\">\n\t\t\t\t<div class=\"elementor-widget-container\">\n\t\t\t\t\t\t\t<div class=\"icon-box-s1\">\r\n\t\t\t<div class=\"icon-main\">\r\n\t\t        \t\t\t    <img decoding=\"async\" src=\"https:\/\/dataswing.ma\/wp-content\/uploads\/2025\/03\/business-intelligence.png\" alt=\"Intelligence d&#039;affaires\">\t\t        \t        <\/div>\r\n\t        <h5>Intelligence d'affaires<\/h5>\r\n\t        <div class=\"line-box\"><\/div>\r\n\t        <p>DSS excelle dans le domaine de la Business Intelligence, fournissant des solutions puissantes pour transformer vos donn\u00e9es en informations exploitables. Nous vous aidons \u00e0 prendre des d\u00e9cisions \u00e9clair\u00e9es, \u00e0 identifier des tendances et \u00e0 maximiser la valeur de vos donn\u00e9es, contribuant ainsi \u00e0 la croissance et \u00e0 la r\u00e9ussite de votre entreprise.<\/p>\r\n\t    <\/div>\r\n\t    \t\t\t\t<\/div>\n\t\t\t\t<\/div>\n\t\t\t\t\t<\/div>\n\t\t<\/div>\n\t\t\t\t\t<\/div>\n\t\t<\/section>\n\t\t\t\t<section class=\"elementor-section elementor-inner-section elementor-element elementor-element-d52ac4c elementor-section-full_width ot-traditional elementor-section-height-default elementor-section-height-default\" data-id=\"d52ac4c\" data-element_type=\"section\" data-e-type=\"section\">\n\t\t\t\t\t\t<div class=\"elementor-container elementor-column-gap-extended\">\n\t\t\t\t\t<div class=\"elementor-column elementor-col-33 elementor-inner-column elementor-element elementor-element-a214704 ot-flex-column-vertical\" data-id=\"a214704\" data-element_type=\"column\" data-e-type=\"column\">\n\t\t\t<div class=\"elementor-widget-wrap elementor-element-populated\">\n\t\t\t\t\t\t<div class=\"elementor-element elementor-element-4506746 elementor-invisible elementor-widget elementor-widget-iiconbox1\" data-id=\"4506746\" data-element_type=\"widget\" data-e-type=\"widget\" data-settings=\"{&quot;_animation&quot;:&quot;fadeInLeft&quot;}\" data-widget_type=\"iiconbox1.default\">\n\t\t\t\t<div class=\"elementor-widget-container\">\n\t\t\t\t\t\t\t<div class=\"icon-box-s1\">\r\n\t\t\t<div class=\"icon-main\">\r\n\t\t        \t\t\t    <img decoding=\"async\" src=\"https:\/\/dataswing.ma\/wp-content\/uploads\/2025\/03\/agence-de-securite-nationale.png\" alt=\"Gouvernance de donn\u00e9es\">\t\t        \t        <\/div>\r\n\t        <h5>Gouvernance de donn\u00e9es<\/h5>\r\n\t        <div class=\"line-box\"><\/div>\r\n\t        <p>DSS est votre partenaire de confiance pour la gouvernance des donn\u00e9es. Nous mettons en place des strat\u00e9gies efficaces pour garantir l\u2019int\u00e9grit\u00e9, la qualit\u00e9 et la s\u00e9curit\u00e9 de vos donn\u00e9es. Gr\u00e2ce \u00e0 notre approche sp\u00e9cialis\u00e9e, nous vous aidons \u00e0 instaurer une gouvernance solide, favorisant ainsi une utilisation responsable et optimale de vos actifs informationnels.<\/p>\r\n\t    <\/div>\r\n\t    \t\t\t\t<\/div>\n\t\t\t\t<\/div>\n\t\t\t\t\t<\/div>\n\t\t<\/div>\n\t\t\t\t<div class=\"elementor-column elementor-col-33 elementor-inner-column elementor-element elementor-element-2f4f399 ot-flex-column-vertical\" data-id=\"2f4f399\" data-element_type=\"column\" data-e-type=\"column\">\n\t\t\t<div class=\"elementor-widget-wrap\">\n\t\t\t\t\t\t\t<\/div>\n\t\t<\/div>\n\t\t\t\t<div class=\"elementor-column elementor-col-33 elementor-inner-column elementor-element elementor-element-ffea990 elementor-hidden-tablet ot-flex-column-vertical\" data-id=\"ffea990\" data-element_type=\"column\" data-e-type=\"column\">\n\t\t\t<div class=\"elementor-widget-wrap\">\n\t\t\t\t\t\t\t<\/div>\n\t\t<\/div>\n\t\t\t\t\t<\/div>\n\t\t<\/section>\n\t\t\t\t\t<\/div>\n\t\t<\/div>\n\t\t\t\t\t<\/div>\n\t\t<\/section>\n\t\t\t\t<\/div>\n\t\t","protected":false},"excerpt":{"rendered":"<p>Analyse Pr\u00e9dictive Nous exploitons l\u2019IA et les donn\u00e9es pour anticiper les tendances, optimiser vos d\u00e9cisions et am\u00e9liorer votre performance. Big Data DSS offre des solutions avanc\u00e9es pour exploiter pleinement le potentiel de vos donn\u00e9es. Nous aidons votre entreprise \u00e0 tirer des insights significatifs, \u00e0 prendre des d\u00e9cisions \u00e9clair\u00e9es et \u00e0 rester comp\u00e9titive dans l\u2019\u00e8re du [&hellip;]<\/p>\n","protected":false},"author":2,"featured_media":0,"parent":0,"menu_order":0,"comment_status":"closed","ping_status":"closed","template":"","meta":{"footnotes":""},"class_list":["post-2407","page","type-page","status-publish","hentry"],"_links":{"self":[{"href":"https:\/\/dataswing.ma\/index.php\/wp-json\/wp\/v2\/pages\/2407","targetHints":{"allow":["GET"]}}],"collection":[{"href":"https:\/\/dataswing.ma\/index.php\/wp-json\/wp\/v2\/pages"}],"about":[{"href":"https:\/\/dataswing.ma\/index.php\/wp-json\/wp\/v2\/types\/page"}],"author":[{"embeddable":true,"href":"https:\/\/dataswing.ma\/index.php\/wp-json\/wp\/v2\/users\/2"}],"replies":[{"embeddable":true,"href":"https:\/\/dataswing.ma\/index.php\/wp-json\/wp\/v2\/comments?post=2407"}],"version-history":[{"count":15,"href":"https:\/\/dataswing.ma\/index.php\/wp-json\/wp\/v2\/pages\/2407\/revisions"}],"predecessor-version":[{"id":6059,"href":"https:\/\/dataswing.ma\/index.php\/wp-json\/wp\/v2\/pages\/2407\/revisions\/6059"}],"wp:attachment":[{"href":"https:\/\/dataswing.ma\/index.php\/wp-json\/wp\/v2\/media?parent=2407"}],"curies":[{"name":"wp","href":"https:\/\/api.w.org\/{rel}","templated":true}]}}