{"id":2076,"date":"2020-02-25T08:41:33","date_gmt":"2020-02-25T08:41:33","guid":{"rendered":"http:\/\/wpdemo.archiwp.com\/engitech\/?page_id=2076"},"modified":"2025-03-29T21:25:29","modified_gmt":"2025-03-29T21:25:29","slug":"infrastructure-cloud","status":"publish","type":"page","link":"https:\/\/dataswing.ma\/index.php\/infrastructure-cloud\/","title":{"rendered":"Infrastructure &#038; Cloud"},"content":{"rendered":"\t\t<div data-elementor-type=\"wp-page\" data-elementor-id=\"2076\" class=\"elementor elementor-2076\">\n\t\t\t\t\t\t<section class=\"elementor-section elementor-top-section elementor-element elementor-element-50f8be2 ot-traditional elementor-section-boxed elementor-section-height-default elementor-section-height-default\" data-id=\"50f8be2\" data-element_type=\"section\" data-e-type=\"section\" data-settings=\"{&quot;background_background&quot;:&quot;classic&quot;}\">\n\t\t\t\t\t\t<div class=\"elementor-container elementor-column-gap-default\">\n\t\t\t\t\t<div class=\"elementor-column elementor-col-100 elementor-top-column elementor-element elementor-element-ad4f9d3 ot-flex-column-vertical\" data-id=\"ad4f9d3\" data-element_type=\"column\" data-e-type=\"column\">\n\t\t\t<div class=\"elementor-widget-wrap elementor-element-populated\">\n\t\t\t\t\t\t<div class=\"elementor-element elementor-element-cddd164 elementor-invisible elementor-widget elementor-widget-iheading\" data-id=\"cddd164\" data-element_type=\"widget\" data-e-type=\"widget\" data-settings=\"{&quot;_animation&quot;:&quot;zoomIn&quot;}\" data-widget_type=\"iheading.default\">\n\t\t\t\t<div class=\"elementor-widget-container\">\n\t\t\t\t\t\t\t<div class=\"ot-heading\">\r\n\t        \t            <span>Cloud Syst\u00e8mes<\/span>\r\n\t        <h2 class=\"main-heading\">Infrastructure et Cloud\n<\/h2>\t    <\/div>\r\n\t    \t\t\t\t<\/div>\n\t\t\t\t<\/div>\n\t\t\t\t<section class=\"elementor-section elementor-inner-section elementor-element elementor-element-e7987b7 elementor-section-full_width elementor-section-content-middle ot-traditional elementor-section-height-default elementor-section-height-default\" data-id=\"e7987b7\" data-element_type=\"section\" data-e-type=\"section\">\n\t\t\t\t\t\t<div class=\"elementor-container elementor-column-gap-extended\">\n\t\t\t\t\t<div class=\"elementor-column elementor-col-33 elementor-inner-column elementor-element elementor-element-0fcfd16 ot-flex-column-vertical\" data-id=\"0fcfd16\" data-element_type=\"column\" data-e-type=\"column\">\n\t\t\t<div class=\"elementor-widget-wrap elementor-element-populated\">\n\t\t\t\t\t\t<div class=\"elementor-element elementor-element-544c144 elementor-invisible elementor-widget elementor-widget-iiconbox2\" data-id=\"544c144\" data-element_type=\"widget\" data-e-type=\"widget\" data-settings=\"{&quot;_animation&quot;:&quot;fadeInLeft&quot;}\" data-widget_type=\"iiconbox2.default\">\n\t\t\t\t<div class=\"elementor-widget-container\">\n\t\t\t\t\t\t\t<div class=\"icon-box-s2 s3\">\r\n\t\t\t<div class=\"icon-main\">\r\n\t\t        <svg xmlns=\"http:\/\/www.w3.org\/2000\/svg\" viewBox=\"-8 0 937 937.5\"><g id=\"surface1\"><path d=\"M 859.625 0 L 140.875 0 C 106.359375 0 78.375 27.984375 78.375 62.5 L 78.375 437.5 L 109.625 437.5 L 109.625 62.5 C 109.625 45.238281 123.613281 31.25 140.875 31.25 L 859.625 31.25 C 876.886719 31.25 890.875 45.238281 890.875 62.5 L 890.875 687.5 C 890.875 704.761719 876.886719 718.75 859.625 718.75 L 531.5 718.75 L 531.5 750 L 859.625 750 C 894.140625 750 922.125 722.015625 922.125 687.5 L 922.125 62.5 C 922.125 27.984375 894.140625 0 859.625 0 Z M 859.625 0 \" style=\" stroke:none;fill-rule:nonzero;fill-opacity:1;\"><\/path><path d=\"M 140.875 62.5 L 172.125 62.5 L 172.125 93.75 L 140.875 93.75 Z M 140.875 62.5 \" style=\" stroke:none;fill-rule:nonzero;fill-opacity:1;\"><\/path><path d=\"M 203.375 62.5 L 234.625 62.5 L 234.625 93.75 L 203.375 93.75 Z M 203.375 62.5 \" style=\" stroke:none;fill-rule:nonzero;fill-opacity:1;\"><\/path><path d=\"M 265.875 62.5 L 297.125 62.5 L 297.125 93.75 L 265.875 93.75 Z M 265.875 62.5 \" style=\" stroke:none;fill-rule:nonzero;fill-opacity:1;\"><\/path><path d=\"M 140.875 125 L 859.625 125 L 859.625 156.25 L 140.875 156.25 Z M 140.875 125 \" style=\" stroke:none;fill-rule:nonzero;fill-opacity:1;\"><\/path><path d=\"M 140.875 375 C 140.875 383.632812 147.867188 390.625 156.5 390.625 L 344 390.625 C 352.632812 390.625 359.625 383.632812 359.625 375 L 359.625 250 C 359.625 241.367188 352.632812 234.375 344 234.375 L 272.34375 234.375 L 245.671875 207.703125 C 242.742188 204.773438 238.769531 203.125 234.625 203.125 L 156.5 203.125 C 147.867188 203.125 140.875 210.117188 140.875 218.75 Z M 172.125 234.375 L 228.15625 234.375 L 254.828125 261.046875 C 257.757812 263.976562 261.730469 265.625 265.875 265.625 L 328.375 265.625 L 328.375 359.375 L 172.125 359.375 Z M 172.125 234.375 \" style=\" stroke:none;fill-rule:nonzero;fill-opacity:1;\"><\/path><path d=\"M 609.625 250 C 609.625 241.367188 602.632812 234.375 594 234.375 L 522.34375 234.375 L 495.671875 207.703125 C 492.742188 204.773438 488.769531 203.125 484.625 203.125 L 406.5 203.125 C 397.867188 203.125 390.875 210.117188 390.875 218.75 L 390.875 375 C 390.875 383.632812 397.867188 390.625 406.5 390.625 L 594 390.625 C 602.632812 390.625 609.625 383.632812 609.625 375 Z M 578.375 359.375 L 422.125 359.375 L 422.125 234.375 L 478.15625 234.375 L 504.828125 261.046875 C 507.757812 263.976562 511.730469 265.625 515.875 265.625 L 578.375 265.625 Z M 578.375 359.375 \" style=\" stroke:none;fill-rule:nonzero;fill-opacity:1;\"><\/path><path d=\"M 859.625 250 C 859.625 241.367188 852.632812 234.375 844 234.375 L 772.34375 234.375 L 745.671875 207.703125 C 742.742188 204.773438 738.769531 203.125 734.625 203.125 L 656.5 203.125 C 647.867188 203.125 640.875 210.117188 640.875 218.75 L 640.875 375 C 640.875 383.632812 647.867188 390.625 656.5 390.625 L 844 390.625 C 852.632812 390.625 859.625 383.632812 859.625 375 Z M 828.375 359.375 L 672.125 359.375 L 672.125 234.375 L 728.15625 234.375 L 754.828125 261.046875 C 757.757812 263.976562 761.730469 265.625 765.875 265.625 L 828.375 265.625 Z M 828.375 359.375 \" style=\" stroke:none;fill-rule:nonzero;fill-opacity:1;\"><\/path><path d=\"M 531.5 609.375 L 531.5 640.625 L 594 640.625 C 602.632812 640.625 609.625 633.632812 609.625 625 L 609.625 500 C 609.625 491.367188 602.632812 484.375 594 484.375 L 522.34375 484.375 L 495.671875 457.703125 C 492.742188 454.773438 488.769531 453.125 484.625 453.125 L 437.75 453.125 L 437.75 484.375 L 478.15625 484.375 L 504.828125 511.046875 C 507.757812 513.976562 511.730469 515.625 515.875 515.625 L 578.375 515.625 L 578.375 609.375 Z M 531.5 609.375 \" style=\" stroke:none;fill-rule:nonzero;fill-opacity:1;\"><\/path><path d=\"M 844 484.375 L 772.34375 484.375 L 745.671875 457.703125 C 742.742188 454.773438 738.769531 453.125 734.625 453.125 L 656.5 453.125 C 647.867188 453.125 640.875 460.117188 640.875 468.75 L 640.875 625 C 640.875 633.632812 647.867188 640.625 656.5 640.625 L 844 640.625 C 852.632812 640.625 859.625 633.632812 859.625 625 L 859.625 500 C 859.625 491.367188 852.632812 484.375 844 484.375 Z M 828.375 609.375 L 672.125 609.375 L 672.125 484.375 L 728.15625 484.375 L 754.828125 511.046875 C 757.757812 513.976562 761.730469 515.625 765.875 515.625 L 828.375 515.625 Z M 828.375 609.375 \" style=\" stroke:none;fill-rule:nonzero;fill-opacity:1;\"><\/path><path d=\"M 57.171875 625 L 15.875 625 C 7.242188 625 0.25 631.992188 0.25 640.625 L 0.25 734.375 C 0.25 743.007812 7.242188 750 15.875 750 L 57.171875 750 C 60.484375 760.257812 64.609375 770.238281 69.515625 779.84375 L 40.328125 809.027344 C 34.234375 815.132812 34.234375 825.019531 40.328125 831.125 L 106.625 897.421875 C 112.730469 903.515625 122.617188 903.515625 128.722656 897.421875 L 157.90625 868.234375 C 167.511719 873.140625 177.492188 877.265625 187.75 880.578125 L 187.75 921.875 C 187.75 930.507812 194.742188 937.5 203.375 937.5 L 297.125 937.5 C 305.757812 937.5 312.75 930.507812 312.75 921.875 L 312.75 880.578125 C 323.007812 877.265625 332.988281 873.140625 342.59375 868.234375 L 371.777344 897.421875 C 377.882812 903.515625 387.769531 903.515625 393.875 897.421875 L 460.171875 831.125 C 466.265625 825.019531 466.265625 815.132812 460.171875 809.027344 L 430.984375 779.84375 C 435.890625 770.238281 440.015625 760.257812 443.328125 750 L 484.625 750 C 493.257812 750 500.25 743.007812 500.25 734.375 L 500.25 640.625 C 500.25 631.992188 493.257812 625 484.625 625 L 443.328125 625 C 440.015625 614.742188 435.890625 604.761719 430.984375 595.15625 L 460.171875 565.972656 C 466.265625 559.867188 466.265625 549.980469 460.171875 543.875 L 393.875 477.578125 C 387.769531 471.484375 377.882812 471.484375 371.777344 477.578125 L 342.59375 506.765625 C 332.988281 501.859375 323.007812 497.734375 312.75 494.421875 L 312.75 453.125 C 312.75 444.492188 305.757812 437.5 297.125 437.5 L 203.375 437.5 C 194.742188 437.5 187.75 444.492188 187.75 453.125 L 187.75 494.421875 C 177.492188 497.734375 167.511719 501.859375 157.90625 506.765625 L 128.722656 477.578125 C 122.617188 471.484375 112.730469 471.484375 106.625 477.578125 L 40.328125 543.875 C 34.234375 549.980469 34.234375 559.867188 40.328125 565.972656 L 69.515625 595.15625 C 68.21875 597.6875 66.96875 600.269531 65.777344 602.855469 C 62.480469 610.058594 59.605469 617.457031 57.171875 625 Z M 84.03125 644.53125 C 88.019531 629.015625 94.171875 614.140625 102.3125 600.34375 C 105.933594 594.210938 104.9375 586.398438 99.90625 581.359375 L 73.46875 554.925781 L 117.675781 510.71875 L 144.109375 537.15625 C 149.148438 542.1875 156.960938 543.183594 163.09375 539.5625 C 176.890625 531.425781 191.773438 525.273438 207.28125 521.28125 C 214.175781 519.5 219 513.28125 219 506.15625 L 219 468.75 L 281.5 468.75 L 281.5 506.15625 C 281.5 513.28125 286.324219 519.5 293.21875 521.28125 C 308.726562 525.273438 323.609375 531.425781 337.40625 539.5625 C 343.539062 543.183594 351.351562 542.1875 356.390625 537.15625 L 382.824219 510.71875 L 427.03125 554.925781 L 400.59375 581.359375 C 395.5625 586.398438 394.566406 594.210938 398.1875 600.34375 C 406.324219 614.140625 412.476562 629.023438 416.46875 644.53125 C 418.25 651.425781 424.46875 656.25 431.59375 656.25 L 469 656.25 L 469 718.75 L 431.59375 718.75 C 424.46875 718.75 418.25 723.574219 416.46875 730.46875 C 412.476562 745.976562 406.324219 760.859375 398.1875 774.65625 C 394.566406 780.789062 395.5625 788.601562 400.59375 793.640625 L 427.03125 820.074219 L 382.824219 864.28125 L 356.390625 837.84375 C 351.351562 832.8125 343.539062 831.816406 337.40625 835.4375 C 323.609375 843.574219 308.726562 849.726562 293.21875 853.71875 C 286.324219 855.5 281.5 861.71875 281.5 868.84375 L 281.5 906.25 L 219 906.25 L 219 868.84375 C 219 861.71875 214.175781 855.5 207.28125 853.71875 C 191.773438 849.726562 176.890625 843.574219 163.09375 835.4375 C 156.960938 831.816406 149.148438 832.8125 144.109375 837.84375 L 117.675781 864.28125 L 73.46875 820.074219 L 99.90625 793.640625 C 104.9375 788.601562 105.933594 780.789062 102.3125 774.65625 C 94.175781 760.859375 88.023438 745.976562 84.03125 730.46875 C 82.25 723.574219 76.03125 718.75 68.90625 718.75 L 31.5 718.75 L 31.5 656.25 L 68.90625 656.25 C 76.03125 656.25 82.25 651.425781 84.03125 644.53125 Z M 84.03125 644.53125 \" style=\" stroke:none;fill-rule:nonzero;fill-opacity:1;\"><\/path><path d=\"M 250.25 796.875 C 310.660156 796.875 359.625 747.910156 359.625 687.5 C 359.625 627.089844 310.660156 578.125 250.25 578.125 C 189.839844 578.125 140.875 627.089844 140.875 687.5 C 140.945312 747.875 189.875 796.804688 250.25 796.875 Z M 250.25 609.375 C 293.394531 609.375 328.375 644.355469 328.375 687.5 C 328.375 730.644531 293.394531 765.625 250.25 765.625 C 207.105469 765.625 172.125 730.644531 172.125 687.5 C 172.179688 644.375 207.125 609.429688 250.25 609.375 Z M 250.25 609.375 \" style=\" stroke:none;fill-rule:nonzero;fill-opacity:1;\"><\/path><\/g><\/svg>\t\t\t    \t\t        \t\t        \t        <\/div>\r\n\t        <div class=\"content-box\">\r\n\t            <h5>Solutions de stockage<\/h5>\r\n\t            <p>DSS cr\u00e9e des syst\u00e8mes de stockage sur mesure, optimisant l\u2019efficacit\u00e9, la s\u00e9curit\u00e9 et la gestion transparente de vos donn\u00e9es.<\/p>\r\n\t        <\/div>\r\n\t    <\/div>\r\n\t    \t\t\t\t<\/div>\n\t\t\t\t<\/div>\n\t\t\t\t<div class=\"elementor-element elementor-element-3d3d403 elementor-invisible elementor-widget elementor-widget-iiconbox2\" data-id=\"3d3d403\" data-element_type=\"widget\" data-e-type=\"widget\" data-settings=\"{&quot;_animation&quot;:&quot;fadeInLeft&quot;}\" data-widget_type=\"iiconbox2.default\">\n\t\t\t\t<div class=\"elementor-widget-container\">\n\t\t\t\t\t\t\t<div class=\"icon-box-s2 s3\">\r\n\t\t\t<div class=\"icon-main\">\r\n\t\t        \t\t\t    \t\t        <span class=\"flaticon-iot\"><\/span>\t\t        \t        <\/div>\r\n\t        <div class=\"content-box\">\r\n\t            <h5>R\u00e9saux informatiques<\/h5>\r\n\t            <p>DSS con\u00e7oit et optimise des r\u00e9seaux performants, s\u00e9curis\u00e9s et fiables, garantissant une connectivit\u00e9 fluide et un environnement num\u00e9rique optimal pour votre entreprise.<\/p>\r\n\t        <\/div>\r\n\t    <\/div>\r\n\t    \t\t\t\t<\/div>\n\t\t\t\t<\/div>\n\t\t\t\t<div class=\"elementor-element elementor-element-edb753f elementor-invisible elementor-widget elementor-widget-iiconbox2\" data-id=\"edb753f\" data-element_type=\"widget\" data-e-type=\"widget\" data-settings=\"{&quot;_animation&quot;:&quot;fadeInLeft&quot;}\" data-widget_type=\"iiconbox2.default\">\n\t\t\t\t<div class=\"elementor-widget-container\">\n\t\t\t\t\t\t\t<div class=\"icon-box-s2 s3\">\r\n\t\t\t<div class=\"icon-main\">\r\n\t\t        \t\t\t    \t\t        <span class=\"flaticon-gear\"><\/span>\t\t        \t        <\/div>\r\n\t        <div class=\"content-box\">\r\n\t            <h5>Solutions de Supervision<\/h5>\r\n\t            <p>DSS vous aide \u00e0 surveiller l\u2019\u00e9tat de vos infrastructures IT et r\u00e9seau. Nous mettons en place des syst\u00e8mes de supervision avanc\u00e9s reconnus mondialement pour leur efficacit\u00e9.\n<\/p>\r\n\t        <\/div>\r\n\t    <\/div>\r\n\t    \t\t\t\t<\/div>\n\t\t\t\t<\/div>\n\t\t\t\t\t<\/div>\n\t\t<\/div>\n\t\t\t\t<div class=\"elementor-column elementor-col-33 elementor-inner-column elementor-element elementor-element-8e2fd2c ot-flex-column-vertical\" data-id=\"8e2fd2c\" data-element_type=\"column\" data-e-type=\"column\">\n\t\t\t<div class=\"elementor-widget-wrap elementor-element-populated\">\n\t\t\t\t\t\t<div class=\"elementor-element elementor-element-b53219c elementor-invisible elementor-widget elementor-widget-image\" data-id=\"b53219c\" data-element_type=\"widget\" data-e-type=\"widget\" data-settings=\"{&quot;_animation&quot;:&quot;zoomIn&quot;}\" data-widget_type=\"image.default\">\n\t\t\t\t<div class=\"elementor-widget-container\">\n\t\t\t\t\t\t\t\t\t\t\t\t\t\t\t<img decoding=\"async\" src=\"https:\/\/dataswing.ma\/wp-content\/uploads\/2025\/03\/XELOPS_Technology_Move_2_Cloud_ed9b1480da.svg\" class=\"attachment-full size-full wp-image-5296\" alt=\"\" \/>\t\t\t\t\t\t\t\t\t\t\t\t\t\t\t<\/div>\n\t\t\t\t<\/div>\n\t\t\t\t\t<\/div>\n\t\t<\/div>\n\t\t\t\t<div class=\"elementor-column elementor-col-33 elementor-inner-column elementor-element elementor-element-901ee58 ot-flex-column-vertical\" data-id=\"901ee58\" data-element_type=\"column\" data-e-type=\"column\">\n\t\t\t<div class=\"elementor-widget-wrap elementor-element-populated\">\n\t\t\t\t\t\t<div class=\"elementor-element elementor-element-6d966a7 elementor-invisible elementor-widget elementor-widget-iiconbox2\" data-id=\"6d966a7\" data-element_type=\"widget\" data-e-type=\"widget\" data-settings=\"{&quot;_animation&quot;:&quot;fadeInRight&quot;}\" data-widget_type=\"iiconbox2.default\">\n\t\t\t\t<div class=\"elementor-widget-container\">\n\t\t\t\t\t\t\t<div class=\"icon-box-s2 s1\">\r\n\t\t\t<div class=\"icon-main\">\r\n\t\t        <svg xmlns=\"http:\/\/www.w3.org\/2000\/svg\" viewBox=\"0 0 60 60\"><g><g fill-rule=\"nonzero\" transform=\"translate(-1 -1)\"><path id=\"Shape\" d=\"m55 25c-2.9246159.0054296-5.4201335 2.1166966-5.91 5h-3.525c-.9956515-2.941215-3.7429612-4.9306877-6.848-4.959-.123 0-.245.018-.368.024l6.157-6.157c2.5263302 1.7682245 5.985863 1.3075928 7.9615069-1.0600628s1.8093858-5.8537576-.3826139-8.02265114c-2.1919997-2.16889356-5.6796678-2.29820133-8.0262552-.2975791-2.3465874 2.00062224-2.7705337 5.46484204-.9756378 7.97229304l-6.128 6.129c-1.1611004-1.7226763-2.9314791-2.9417544-4.955-3.412v-7.307c3.0755618-.5198648 5.2398292-3.30957434 4.9789831-6.41783734-.2608461-3.10826301-2.8597942-5.49824244-5.9789831-5.49824244s-5.718137 2.38997943-5.9789831 5.49824244c-.2608461 3.108263 1.9034213 5.89797254 4.9789831 6.41783734v7.1c-2.2329107.084049-4.3306366 1.0916239-5.792 2.782l-5.291-5.292c1.8640389-2.5735349 1.4426119-6.1465674-.9690257-8.21580092-2.4116376-2.0692335-6.0072175-1.94287367-8.26764629.29055075-2.26042884 2.23342437-2.42999103 5.82722607-.3898899 8.26355737 2.04010109 2.4363314 5.60781089 2.9006685 8.20356189 1.0676928l5.571 5.571c-.3846711.741367-.6573017 1.5356691-.809 2.357-2.1986311.0688465-4.2067775 1.2652695-5.314 3.166h-4.032c-.5198648-3.0755618-3.30957434-5.2398292-6.41783734-4.9789831-3.10826301.2608461-5.49824244 2.8597942-5.49824244 5.9789831s2.38997943 5.718137 5.49824244 5.9789831c3.108263.2608461 5.89797254-1.9034213 6.41783734-4.9789831h3.244c-.1012357.4655686-.1528572.9405533-.154 1.417-.0205282 2.9620355 1.946472 5.5703596 4.8 6.365l-3.31 3.31c-2.529011-1.7639038-5.9874354-1.2978371-7.95928917 1.0726156s-1.80050997 5.855931.39433416 8.0215515c2.19484411 2.1656206 5.68230591 2.2902322 8.02611631.2867837s2.7634811-5.4678091.9658387-7.9729508l4.5-4.5h6.583v9.09c-3.0755618.5198648-5.2398292 3.3095743-4.9789831 6.4178373s2.8597942 5.4982425 5.9789831 5.4982425 5.718137-2.3899795 5.9789831-5.4982425-1.9034213-5.8979725-4.9789831-6.4178373v-9.09h6.586l4.5 4.5c-1.8364599 2.5457653-1.4151228 6.0742125.9691404 8.1159751 2.3842633 2.0417626 5.9355248 1.9152481 8.1684516-.2910029 2.2329269-2.2062509 2.4021111-5.7557356.3891499-8.1643644-2.0129612-2.4086289-5.53609-2.8723402-8.1037419-1.0666078l-3.483-3.483c2.998264-1.0634861 4.9943827-3.9087779 4.974-7.09 0-.176-.014-.348-.026-.521h3.116c.5307431 3.1399085 3.4219898 5.3182428 6.5864972 4.9624243 3.1645073-.3558186 5.4998098-3.1218284 5.3200107-6.3011972-.1797992-3.1793687-2.8120609-5.6644536-5.9965079-5.6612271zm-43.8-8.142c-1.56203795-1.5621184-1.56199444-4.0947409.0000972-5.6568057 1.5620916-1.56206474 4.094714-1.56206474 5.6568056 0 1.5620916 1.5620648 1.5621351 4.0946873.0000972 5.6568057-.7468527.7563763-1.7655352 1.1821139-2.8285 1.1821139s-2.0816473-.4257376-2.8285-1.1821139zm-4.2 18.142c-2.209139 0-4-1.790861-4-4s1.790861-4 4-4 4 1.790861 4 4-1.790861 4-4 4zm28 20c0 2.209139-1.790861 4-4 4s-4-1.790861-4-4 1.790861-4 4-4 4 1.790861 4 4zm10.142-43.8c1.3491407-1.34968735 3.4638315-1.55835441 5.0507453-.4983821 1.5869138 1.0599722 2.2040426 3.0933466 1.4739557 4.8565283s-2.6040363 2.7650664-4.4757563 2.3929099c-1.8717201-.3721565-3.2198751-2.0146965-3.2199447-3.9230561-.003027-1.0612277.4186371-2.0795593 1.171-2.828zm-18.142-4.2c0-2.209139 1.790861-4 4-4s4 1.790861 4 4-1.790861 4-4 4-4-1.790861-4-4zm-10.142 43.8c-1.5836906 1.5092067-4.0733094 1.5092067-5.657 0-1.56203795-1.5621184-1.56199444-4.0947409.0000972-5.6568057 1.5620916-1.5620647 4.094714-1.5620647 5.6568056 0 1.5620916 1.5620648 1.5621351 4.0946873.0000972 5.6568057zm33.942-5.658c.7501901.7501514 1.1716458 1.7675983 1.1716458 2.8285s-.4214557 2.0783486-1.1716458 2.8285c-1.5821292 1.5121388-4.0738708 1.5121388-5.656 0-1.5324486-1.5668606-1.5186351-4.0751404.0309781-5.6250275 1.5496131-1.5498871 4.0578904-1.5641441 5.6250219-.0319725zm-12.083-7.142h-16.3c-2.4666197-.0892635-4.4201477-2.1147656-4.4201477-4.583s1.953528-4.4937365 4.4201477-4.583c.1950317.0006088.3898027.0143063.583.041.2755701.0383999.5546799-.0397449.7702482-.2156532.2155684-.1759083.3481034-.4336744.3657518-.7113468.0922451-3.031047 2.3902262-5.5374742 5.4018941-5.8918912s5.8287305 1.5500652 6.6221059 4.4768912c.1526281.5231688.6960621.8277942 1.222.685.435236-.1176704.8841379-.1771877 1.335-.177 2.950061.1054578 5.2871206 2.5275546 5.2871206 5.4795s-2.3370596 5.3740422-5.2871206 5.4795zm16.283-3c-2.209139 0-4-1.790861-4-4s1.790861-4 4-4 4 1.790861 4 4-1.790861 4-4 4z\"><\/path><\/g><\/g><\/svg>\t\t\t    \t\t        \t\t        \t        <\/div>\r\n\t        <div class=\"content-box\">\r\n\t            <h5>Cloud<\/h5>\r\n\t            <p>DSS d\u00e9ploie des solutions cloud avanc\u00e9es et s\u00e9curis\u00e9es pour garantir une gestion optimale de vos ressources d\u00e9mat\u00e9rialis\u00e9es, assurant ainsi une performance maximale.\n<\/p>\r\n\t        <\/div>\r\n\t    <\/div>\r\n\t    \t\t\t\t<\/div>\n\t\t\t\t<\/div>\n\t\t\t\t<div class=\"elementor-element elementor-element-f19982a elementor-invisible elementor-widget elementor-widget-iiconbox2\" data-id=\"f19982a\" data-element_type=\"widget\" data-e-type=\"widget\" data-settings=\"{&quot;_animation&quot;:&quot;fadeInRight&quot;}\" data-widget_type=\"iiconbox2.default\">\n\t\t\t\t<div class=\"elementor-widget-container\">\n\t\t\t\t\t\t\t<div class=\"icon-box-s2 s1\">\r\n\t\t\t<div class=\"icon-main\">\r\n\t\t        <i aria-hidden=\"true\" class=\"fas fa-database\"><\/i>\t\t\t    \t\t        \t\t        \t        <\/div>\r\n\t        <div class=\"content-box\">\r\n\t            <h5>Data Center<\/h5>\r\n\t            <p>DSS d\u00e9ploie des solutions avanc\u00e9es pour optimiser la gestion de vos data centers, assurant fiabilit\u00e9, performance et une infrastructure informatique hautement s\u00e9curis\u00e9e.\n<\/p>\r\n\t        <\/div>\r\n\t    <\/div>\r\n\t    \t\t\t\t<\/div>\n\t\t\t\t<\/div>\n\t\t\t\t<div class=\"elementor-element elementor-element-a947b06 elementor-invisible elementor-widget elementor-widget-iiconbox2\" data-id=\"a947b06\" data-element_type=\"widget\" data-e-type=\"widget\" data-settings=\"{&quot;_animation&quot;:&quot;fadeInRight&quot;}\" data-widget_type=\"iiconbox2.default\">\n\t\t\t\t<div class=\"elementor-widget-container\">\n\t\t\t\t\t\t\t<div class=\"icon-box-s2 s1\">\r\n\t\t\t<div class=\"icon-main\">\r\n\t\t        \t\t\t    \t\t        <span class=\"flaticon-code\"><\/span>\t\t        \t        <\/div>\r\n\t        <div class=\"content-box\">\r\n\t            <h5>GED<\/h5>\r\n\t            <p>DSS propose des solutions GED expertes pour optimiser la gestion, la s\u00e9curit\u00e9 et l\u2019accessibilit\u00e9 de vos documents num\u00e9riques, simplifiant ainsi l\u2019organisation de l\u2019information.<\/p>\r\n\t        <\/div>\r\n\t    <\/div>\r\n\t    \t\t\t\t<\/div>\n\t\t\t\t<\/div>\n\t\t\t\t\t<\/div>\n\t\t<\/div>\n\t\t\t\t\t<\/div>\n\t\t<\/section>\n\t\t\t\t\t<\/div>\n\t\t<\/div>\n\t\t\t\t\t<\/div>\n\t\t<\/section>\n\t\t\t\t<section class=\"elementor-section elementor-top-section elementor-element elementor-element-623c8be elementor-section-content-middle ot-traditional elementor-section-boxed elementor-section-height-default elementor-section-height-default\" data-id=\"623c8be\" data-element_type=\"section\" data-e-type=\"section\" data-settings=\"{&quot;background_background&quot;:&quot;classic&quot;}\">\n\t\t\t\t\t\t<div class=\"elementor-container elementor-column-gap-extended\">\n\t\t\t\t\t<div class=\"elementor-column elementor-col-50 elementor-top-column elementor-element elementor-element-0ae302b ot-flex-column-vertical\" data-id=\"0ae302b\" data-element_type=\"column\" data-e-type=\"column\">\n\t\t\t<div class=\"elementor-widget-wrap elementor-element-populated\">\n\t\t\t\t\t\t<div class=\"elementor-element elementor-element-c283bc8 elementor-invisible elementor-widget elementor-widget-image\" data-id=\"c283bc8\" data-element_type=\"widget\" data-e-type=\"widget\" data-settings=\"{&quot;_animation&quot;:&quot;zoomInUp&quot;}\" data-widget_type=\"image.default\">\n\t\t\t\t<div class=\"elementor-widget-container\">\n\t\t\t\t\t\t\t\t\t\t\t\t\t\t\t<img fetchpriority=\"high\" decoding=\"async\" width=\"1280\" height=\"720\" src=\"https:\/\/dataswing.ma\/wp-content\/uploads\/2025\/03\/image-4.png\" class=\"attachment-full size-full wp-image-5116\" alt=\"\" srcset=\"https:\/\/dataswing.ma\/wp-content\/uploads\/2025\/03\/image-4.png 1280w, https:\/\/dataswing.ma\/wp-content\/uploads\/2025\/03\/image-4-300x169.png 300w, https:\/\/dataswing.ma\/wp-content\/uploads\/2025\/03\/image-4-1024x576.png 1024w, https:\/\/dataswing.ma\/wp-content\/uploads\/2025\/03\/image-4-768x432.png 768w, https:\/\/dataswing.ma\/wp-content\/uploads\/2025\/03\/image-4-720x405.png 720w\" sizes=\"(max-width: 1280px) 100vw, 1280px\" \/>\t\t\t\t\t\t\t\t\t\t\t\t\t\t\t<\/div>\n\t\t\t\t<\/div>\n\t\t\t\t\t<\/div>\n\t\t<\/div>\n\t\t\t\t<div class=\"elementor-column elementor-col-50 elementor-top-column elementor-element elementor-element-61f7561 ot-flex-column-vertical\" data-id=\"61f7561\" data-element_type=\"column\" data-e-type=\"column\">\n\t\t\t<div class=\"elementor-widget-wrap elementor-element-populated\">\n\t\t\t\t\t\t<div class=\"elementor-element elementor-element-dc36a2e elementor-invisible elementor-widget elementor-widget-iheading\" data-id=\"dc36a2e\" data-element_type=\"widget\" data-e-type=\"widget\" data-settings=\"{&quot;_animation&quot;:&quot;zoomInUp&quot;}\" data-widget_type=\"iheading.default\">\n\t\t\t\t<div class=\"elementor-widget-container\">\n\t\t\t\t\t\t\t<div class=\"ot-heading\">\r\n\t        \t            <span>Infrastructure et Cloud<\/span>\r\n\t        <h2 class=\"main-heading\">Nos solutions cloud \u00e9volutives garantissent flexibilit\u00e9, s\u00e9curit\u00e9 et performance pour acc\u00e9l\u00e9rer votre transformation num\u00e9rique.<\/h2>\t    <\/div>\r\n\t    \t\t\t\t<\/div>\n\t\t\t\t<\/div>\n\t\t\t\t\t<\/div>\n\t\t<\/div>\n\t\t\t\t\t<\/div>\n\t\t<\/section>\n\t\t\t\t<\/div>\n\t\t","protected":false},"excerpt":{"rendered":"<p>Cloud Syst\u00e8mes Infrastructure et Cloud Solutions de stockage DSS cr\u00e9e des syst\u00e8mes de stockage sur mesure, optimisant l\u2019efficacit\u00e9, la s\u00e9curit\u00e9 et la gestion transparente de vos donn\u00e9es. R\u00e9saux informatiques DSS con\u00e7oit et optimise des r\u00e9seaux performants, s\u00e9curis\u00e9s et fiables, garantissant une connectivit\u00e9 fluide et un environnement num\u00e9rique optimal pour votre entreprise. Solutions de Supervision DSS [&hellip;]<\/p>\n","protected":false},"author":2,"featured_media":0,"parent":0,"menu_order":0,"comment_status":"closed","ping_status":"closed","template":"","meta":{"footnotes":""},"class_list":["post-2076","page","type-page","status-publish","hentry"],"_links":{"self":[{"href":"https:\/\/dataswing.ma\/index.php\/wp-json\/wp\/v2\/pages\/2076","targetHints":{"allow":["GET"]}}],"collection":[{"href":"https:\/\/dataswing.ma\/index.php\/wp-json\/wp\/v2\/pages"}],"about":[{"href":"https:\/\/dataswing.ma\/index.php\/wp-json\/wp\/v2\/types\/page"}],"author":[{"embeddable":true,"href":"https:\/\/dataswing.ma\/index.php\/wp-json\/wp\/v2\/users\/2"}],"replies":[{"embeddable":true,"href":"https:\/\/dataswing.ma\/index.php\/wp-json\/wp\/v2\/comments?post=2076"}],"version-history":[{"count":17,"href":"https:\/\/dataswing.ma\/index.php\/wp-json\/wp\/v2\/pages\/2076\/revisions"}],"predecessor-version":[{"id":5698,"href":"https:\/\/dataswing.ma\/index.php\/wp-json\/wp\/v2\/pages\/2076\/revisions\/5698"}],"wp:attachment":[{"href":"https:\/\/dataswing.ma\/index.php\/wp-json\/wp\/v2\/media?parent=2076"}],"curies":[{"name":"wp","href":"https:\/\/api.w.org\/{rel}","templated":true}]}}