{"id":1583,"date":"2020-01-09T04:33:29","date_gmt":"2020-01-09T04:33:29","guid":{"rendered":"http:\/\/wpdemo.archiwp.com\/engitech\/?page_id=1583"},"modified":"2025-07-21T10:52:52","modified_gmt":"2025-07-21T10:52:52","slug":"cyber-securite","status":"publish","type":"page","link":"https:\/\/dataswing.ma\/index.php\/cyber-securite\/","title":{"rendered":"Cyber S\u00e9curit\u00e9"},"content":{"rendered":"\t\t<div data-elementor-type=\"wp-page\" data-elementor-id=\"1583\" class=\"elementor elementor-1583\">\n\t\t\t\t\t\t<section class=\"elementor-section elementor-top-section elementor-element elementor-element-f983331 ot-traditional elementor-section-boxed elementor-section-height-default elementor-section-height-default\" data-id=\"f983331\" data-element_type=\"section\" data-e-type=\"section\">\n\t\t\t\t\t\t<div class=\"elementor-container elementor-column-gap-extended\">\n\t\t\t\t\t<div class=\"elementor-column elementor-col-50 elementor-top-column elementor-element elementor-element-fb1c096 ot-flex-column-vertical\" data-id=\"fb1c096\" data-element_type=\"column\" data-e-type=\"column\">\n\t\t\t<div class=\"elementor-widget-wrap elementor-element-populated\">\n\t\t\t\t\t\t<div class=\"elementor-element elementor-element-ab8c75d elementor-invisible elementor-widget elementor-widget-image\" data-id=\"ab8c75d\" data-element_type=\"widget\" data-e-type=\"widget\" data-settings=\"{&quot;_animation&quot;:&quot;slideInLeft&quot;}\" data-widget_type=\"image.default\">\n\t\t\t\t<div class=\"elementor-widget-container\">\n\t\t\t\t\t\t\t\t\t\t\t\t\t\t\t<img fetchpriority=\"high\" decoding=\"async\" width=\"1500\" height=\"1000\" src=\"https:\/\/dataswing.ma\/wp-content\/uploads\/2025\/03\/image-6.png\" class=\"attachment-full size-full wp-image-5118\" alt=\"\" srcset=\"https:\/\/dataswing.ma\/wp-content\/uploads\/2025\/03\/image-6.png 1500w, https:\/\/dataswing.ma\/wp-content\/uploads\/2025\/03\/image-6-300x200.png 300w, https:\/\/dataswing.ma\/wp-content\/uploads\/2025\/03\/image-6-1024x683.png 1024w, https:\/\/dataswing.ma\/wp-content\/uploads\/2025\/03\/image-6-768x512.png 768w, https:\/\/dataswing.ma\/wp-content\/uploads\/2025\/03\/image-6-720x480.png 720w\" sizes=\"(max-width: 1500px) 100vw, 1500px\" \/>\t\t\t\t\t\t\t\t\t\t\t\t\t\t\t<\/div>\n\t\t\t\t<\/div>\n\t\t\t\t\t<\/div>\n\t\t<\/div>\n\t\t\t\t<div class=\"elementor-column elementor-col-50 elementor-top-column elementor-element elementor-element-8d40657 ot-flex-column-vertical\" data-id=\"8d40657\" data-element_type=\"column\" data-e-type=\"column\">\n\t\t\t<div class=\"elementor-widget-wrap elementor-element-populated\">\n\t\t\t\t\t\t<div class=\"elementor-element elementor-element-c9303ec elementor-invisible elementor-widget elementor-widget-iheading\" data-id=\"c9303ec\" data-element_type=\"widget\" data-e-type=\"widget\" data-settings=\"{&quot;_animation&quot;:&quot;slideInRight&quot;}\" data-widget_type=\"iheading.default\">\n\t\t\t\t<div class=\"elementor-widget-container\">\n\t\t\t\t\t\t\t<div class=\"ot-heading\">\r\n\t        \t            <span>S\u00e9curit\u00e9 Num\u00e9rique<\/span>\r\n\t        <h2 class=\"main-heading\">Prot\u00e9gez vos donn\u00e9es et infrastructures avec nos solutions avanc\u00e9es en cybers\u00e9curit\u00e9, d\u00e9tection des menaces et conformit\u00e9.<\/h2>\t    <\/div>\r\n\t    \t\t\t\t<\/div>\n\t\t\t\t<\/div>\n\t\t\t\t\t<\/div>\n\t\t<\/div>\n\t\t\t\t\t<\/div>\n\t\t<\/section>\n\t\t\t\t<section class=\"elementor-section elementor-top-section elementor-element elementor-element-c2683a6 ot-traditional elementor-section-boxed elementor-section-height-default elementor-section-height-default\" data-id=\"c2683a6\" data-element_type=\"section\" data-e-type=\"section\">\n\t\t\t\t\t\t<div class=\"elementor-container elementor-column-gap-extended\">\n\t\t\t\t\t<div class=\"elementor-column elementor-col-33 elementor-top-column elementor-element elementor-element-c78c094 ot-flex-column-vertical\" data-id=\"c78c094\" data-element_type=\"column\" data-e-type=\"column\">\n\t\t\t<div class=\"elementor-widget-wrap elementor-element-populated\">\n\t\t\t\t\t\t<div class=\"elementor-element elementor-element-30f5848 elementor-invisible elementor-widget elementor-widget-iservice_box\" data-id=\"30f5848\" data-element_type=\"widget\" data-e-type=\"widget\" data-settings=\"{&quot;_animation&quot;:&quot;fadeInLeft&quot;}\" data-widget_type=\"iservice_box.default\">\n\t\t\t\t<div class=\"elementor-widget-container\">\n\t\t\t\t\t\r\n\t\t<div class=\"service-box s-box\">\r\n\t\t\t<span class=\"big-number\">01<\/span>\r\n\t\t\t<div class=\"icon-main\">\r\n\t\t        \t\t\t    \t\t        <span class=\"flaticon-correct\"><\/span>\t        <\/div>\r\n\t        <div class=\"content-box\">\r\n\t            <h5>Cybers\u00e9curit\u00e9<\/h5>\r\n\t            <p>Protection avanc\u00e9e des syst\u00e8mes.<\/p>\r\n\t        <\/div>\r\n\t    <\/div>\r\n\r\n\t    \t\t\t\t<\/div>\n\t\t\t\t<\/div>\n\t\t\t\t\t<\/div>\n\t\t<\/div>\n\t\t\t\t<div class=\"elementor-column elementor-col-33 elementor-top-column elementor-element elementor-element-3685830 ot-flex-column-vertical\" data-id=\"3685830\" data-element_type=\"column\" data-e-type=\"column\">\n\t\t\t<div class=\"elementor-widget-wrap elementor-element-populated\">\n\t\t\t\t\t\t<div class=\"elementor-element elementor-element-403e727 elementor-invisible elementor-widget elementor-widget-iservice_box\" data-id=\"403e727\" data-element_type=\"widget\" data-e-type=\"widget\" data-settings=\"{&quot;_animation&quot;:&quot;fadeInUp&quot;}\" data-widget_type=\"iservice_box.default\">\n\t\t\t\t<div class=\"elementor-widget-container\">\n\t\t\t\t\t\r\n\t\t<div class=\"service-box s-box\">\r\n\t\t\t<span class=\"big-number\">02<\/span>\r\n\t\t\t<div class=\"icon-main\">\r\n\t\t        \t\t\t    \t\t        <span class=\"flaticon-correct\"><\/span>\t        <\/div>\r\n\t        <div class=\"content-box\">\r\n\t            <h5>D\u00e9tection des Menaces<\/h5>\r\n\t            <p>Surveillance en temps r\u00e9el.\n\n<\/p>\r\n\t        <\/div>\r\n\t    <\/div>\r\n\r\n\t    \t\t\t\t<\/div>\n\t\t\t\t<\/div>\n\t\t\t\t\t<\/div>\n\t\t<\/div>\n\t\t\t\t<div class=\"elementor-column elementor-col-33 elementor-top-column elementor-element elementor-element-d000ccb ot-flex-column-vertical\" data-id=\"d000ccb\" data-element_type=\"column\" data-e-type=\"column\">\n\t\t\t<div class=\"elementor-widget-wrap elementor-element-populated\">\n\t\t\t\t\t\t<div class=\"elementor-element elementor-element-fa18db0 elementor-invisible elementor-widget elementor-widget-iservice_box\" data-id=\"fa18db0\" data-element_type=\"widget\" data-e-type=\"widget\" data-settings=\"{&quot;_animation&quot;:&quot;fadeInRight&quot;}\" data-widget_type=\"iservice_box.default\">\n\t\t\t\t<div class=\"elementor-widget-container\">\n\t\t\t\t\t\r\n\t\t<div class=\"service-box s-box\">\r\n\t\t\t<span class=\"big-number\">03<\/span>\r\n\t\t\t<div class=\"icon-main\">\r\n\t\t        \t\t\t    \t\t        <span class=\"flaticon-correct\"><\/span>\t        <\/div>\r\n\t        <div class=\"content-box\">\r\n\t            <h5>Conformit\u00e9<\/h5>\r\n\t            <p>Respect des normes de s\u00e9curit\u00e9.<\/p>\r\n\t        <\/div>\r\n\t    <\/div>\r\n\r\n\t    \t\t\t\t<\/div>\n\t\t\t\t<\/div>\n\t\t\t\t\t<\/div>\n\t\t<\/div>\n\t\t\t\t\t<\/div>\n\t\t<\/section>\n\t\t\t\t<section class=\"elementor-section elementor-top-section elementor-element elementor-element-52dbc90 ot-traditional elementor-section-boxed elementor-section-height-default elementor-section-height-default\" data-id=\"52dbc90\" data-element_type=\"section\" data-e-type=\"section\">\n\t\t\t\t\t\t<div class=\"elementor-container elementor-column-gap-extended\">\n\t\t\t\t\t<div class=\"elementor-column elementor-col-100 elementor-top-column elementor-element elementor-element-70bf108 ot-flex-column-vertical\" data-id=\"70bf108\" data-element_type=\"column\" data-e-type=\"column\" data-settings=\"{&quot;background_background&quot;:&quot;classic&quot;}\">\n\t\t\t<div class=\"elementor-widget-wrap elementor-element-populated\">\n\t\t\t\t\t\t<section class=\"elementor-section elementor-inner-section elementor-element elementor-element-222c580 elementor-section-full_width ot-traditional elementor-section-height-default elementor-section-height-default\" data-id=\"222c580\" data-element_type=\"section\" data-e-type=\"section\">\n\t\t\t\t\t\t<div class=\"elementor-container elementor-column-gap-extended\">\n\t\t\t\t\t<div class=\"elementor-column elementor-col-33 elementor-inner-column elementor-element elementor-element-255c3ce ot-flex-column-vertical\" data-id=\"255c3ce\" data-element_type=\"column\" data-e-type=\"column\">\n\t\t\t<div class=\"elementor-widget-wrap elementor-element-populated\">\n\t\t\t\t\t\t<div class=\"elementor-element elementor-element-68697ad elementor-invisible elementor-widget elementor-widget-iiconbox1\" data-id=\"68697ad\" data-element_type=\"widget\" data-e-type=\"widget\" data-settings=\"{&quot;_animation&quot;:&quot;fadeInLeft&quot;}\" data-widget_type=\"iiconbox1.default\">\n\t\t\t\t<div class=\"elementor-widget-container\">\n\t\t\t\t\t\t\t<div class=\"icon-box-s1\">\r\n\t\t\t<div class=\"icon-main\">\r\n\t\t        \t\t\t    <img decoding=\"async\" src=\"https:\/\/dataswing.ma\/wp-content\/uploads\/2025\/03\/analyse-des-menaces.png\" alt=\"Analyse des menaces\">\t\t        \t        <\/div>\r\n\t        <h5>Analyse des menaces<\/h5>\r\n\t        <div class=\"line-box\"><\/div>\r\n\t        <p>DSS, dot\u00e9 de son expertise reconnue, comprend l\u2019imp\u00e9ratif de mener une analyse approfondie des menaces s\u00e9curit\u00e9. Nos \u00e9quipes mettent en place des solutions avanc\u00e9es pour anticiper, d\u00e9tecter et contrer les menaces, assurant ainsi la protection optimale de votre environnement informatique contre les risques potentiels.\n\n<\/p>\r\n\t    <\/div>\r\n\t    \t\t\t\t<\/div>\n\t\t\t\t<\/div>\n\t\t\t\t\t<\/div>\n\t\t<\/div>\n\t\t\t\t<div class=\"elementor-column elementor-col-33 elementor-inner-column elementor-element elementor-element-cb23630 ot-flex-column-vertical\" data-id=\"cb23630\" data-element_type=\"column\" data-e-type=\"column\">\n\t\t\t<div class=\"elementor-widget-wrap elementor-element-populated\">\n\t\t\t\t\t\t<div class=\"elementor-element elementor-element-1190eb6 elementor-invisible elementor-widget elementor-widget-iiconbox1\" data-id=\"1190eb6\" data-element_type=\"widget\" data-e-type=\"widget\" data-settings=\"{&quot;_animation&quot;:&quot;fadeInDown&quot;}\" data-widget_type=\"iiconbox1.default\">\n\t\t\t\t<div class=\"elementor-widget-container\">\n\t\t\t\t\t\t\t<div class=\"icon-box-s1\">\r\n\t\t\t<div class=\"icon-main\">\r\n\t\t        \t\t\t    <img decoding=\"async\" src=\"https:\/\/dataswing.ma\/wp-content\/uploads\/2025\/03\/levaluation-des-risques.png\" alt=\"Evaluation des risques\">\t\t        \t        <\/div>\r\n\t        <h5>Evaluation des risques<\/h5>\r\n\t        <div class=\"line-box\"><\/div>\r\n\t        <p>DSS, fort de son engagement envers la s\u00e9curit\u00e9 informatique, offre des services d\u2019\u00e9valuation des risques de cybers\u00e9curit\u00e9. Gr\u00e2ce \u00e0 notre expertise approfondie, nous identifions les vuln\u00e9rabilit\u00e9s potentielles, \u00e9valuons les menaces et \u00e9laborons des strat\u00e9gies robustes pour renforcer la s\u00e9curit\u00e9 de votre infrastructure num\u00e9rique.\n\n<\/p>\r\n\t    <\/div>\r\n\t    \t\t\t\t<\/div>\n\t\t\t\t<\/div>\n\t\t\t\t\t<\/div>\n\t\t<\/div>\n\t\t\t\t<div class=\"elementor-column elementor-col-33 elementor-inner-column elementor-element elementor-element-39a5d5c elementor-hidden-tablet ot-flex-column-vertical\" data-id=\"39a5d5c\" data-element_type=\"column\" data-e-type=\"column\">\n\t\t\t<div class=\"elementor-widget-wrap elementor-element-populated\">\n\t\t\t\t\t\t<div class=\"elementor-element elementor-element-8f7c326 elementor-invisible elementor-widget elementor-widget-iiconbox1\" data-id=\"8f7c326\" data-element_type=\"widget\" data-e-type=\"widget\" data-settings=\"{&quot;_animation&quot;:&quot;fadeInRight&quot;}\" data-widget_type=\"iiconbox1.default\">\n\t\t\t\t<div class=\"elementor-widget-container\">\n\t\t\t\t\t\t\t<div class=\"icon-box-s1\">\r\n\t\t\t<div class=\"icon-main\">\r\n\t\t        \t\t\t    <img decoding=\"async\" src=\"https:\/\/dataswing.ma\/wp-content\/uploads\/2025\/03\/detection-dintrusion.png\" alt=\"D\u00e9tection d&#039;intrusion\">\t\t        \t        <\/div>\r\n\t        <h5>D\u00e9tection d'intrusion<\/h5>\r\n\t        <div class=\"line-box\"><\/div>\r\n\t        <p>DSS excelle dans la d\u00e9tection d\u2019intrusion, employant des m\u00e9thodes avanc\u00e9es et des technologies de pointe pour rep\u00e9rer toute activit\u00e9 suspecte au sein de votre r\u00e9seau. Notre approche proactive garantit une r\u00e9ponse rapide et efficace, renfor\u00e7ant ainsi la s\u00e9curit\u00e9 de votre syst\u00e8me informatique contre les menaces potentielles\n\n<\/p>\r\n\t    <\/div>\r\n\t    \t\t\t\t<\/div>\n\t\t\t\t<\/div>\n\t\t\t\t\t<\/div>\n\t\t<\/div>\n\t\t\t\t\t<\/div>\n\t\t<\/section>\n\t\t\t\t<section class=\"elementor-section elementor-inner-section elementor-element elementor-element-fe4083d elementor-section-full_width ot-traditional elementor-section-height-default elementor-section-height-default\" data-id=\"fe4083d\" data-element_type=\"section\" data-e-type=\"section\">\n\t\t\t\t\t\t<div class=\"elementor-container elementor-column-gap-extended\">\n\t\t\t\t\t<div class=\"elementor-column elementor-col-33 elementor-inner-column elementor-element elementor-element-dece5c1 ot-flex-column-vertical\" data-id=\"dece5c1\" data-element_type=\"column\" data-e-type=\"column\">\n\t\t\t<div class=\"elementor-widget-wrap elementor-element-populated\">\n\t\t\t\t\t\t<div class=\"elementor-element elementor-element-92348cd elementor-invisible elementor-widget elementor-widget-iiconbox1\" data-id=\"92348cd\" data-element_type=\"widget\" data-e-type=\"widget\" data-settings=\"{&quot;_animation&quot;:&quot;fadeInLeft&quot;}\" data-widget_type=\"iiconbox1.default\">\n\t\t\t\t<div class=\"elementor-widget-container\">\n\t\t\t\t\t\t\t<div class=\"icon-box-s1\">\r\n\t\t\t<div class=\"icon-main\">\r\n\t\t        \t\t\t    <img decoding=\"async\" src=\"https:\/\/dataswing.ma\/wp-content\/uploads\/2025\/03\/reponse-aux-incidents.png\" alt=\"R\u00e9ponses aux incidents\">\t\t        \t        <\/div>\r\n\t        <h5>R\u00e9ponses aux incidents<\/h5>\r\n\t        <div class=\"line-box\"><\/div>\r\n\t        <p>DSS assure une r\u00e9ponse rapide et efficace aux incidents de s\u00e9curit\u00e9, mettant en \u0153uvre des protocoles avanc\u00e9s et des strat\u00e9gies cibl\u00e9es pour neutraliser les menaces. Avec notre \u00e9quipe r\u00e9active, vous pouvez \u00eatre assur\u00e9 que nous intervenons rapidement pour prot\u00e9ger votre infrastructure informatique et minimiser les impacts des incidents de s\u00e9curit\u00e9.\n\n\n<\/p>\r\n\t    <\/div>\r\n\t    \t\t\t\t<\/div>\n\t\t\t\t<\/div>\n\t\t\t\t\t<\/div>\n\t\t<\/div>\n\t\t\t\t<div class=\"elementor-column elementor-col-33 elementor-inner-column elementor-element elementor-element-0e4a2c4 ot-flex-column-vertical\" data-id=\"0e4a2c4\" data-element_type=\"column\" data-e-type=\"column\">\n\t\t\t<div class=\"elementor-widget-wrap elementor-element-populated\">\n\t\t\t\t\t\t<div class=\"elementor-element elementor-element-9df7348 elementor-invisible elementor-widget elementor-widget-iiconbox1\" data-id=\"9df7348\" data-element_type=\"widget\" data-e-type=\"widget\" data-settings=\"{&quot;_animation&quot;:&quot;fadeInUp&quot;}\" data-widget_type=\"iiconbox1.default\">\n\t\t\t\t<div class=\"elementor-widget-container\">\n\t\t\t\t\t\t\t<div class=\"icon-box-s1\">\r\n\t\t\t<div class=\"icon-main\">\r\n\t\t        \t\t\t    <img decoding=\"async\" src=\"https:\/\/dataswing.ma\/wp-content\/uploads\/2025\/03\/portable.png\" alt=\"Formation en s\u00e9curit\u00e9\">\t\t        \t        <\/div>\r\n\t        <h5>Formation en s\u00e9curit\u00e9<\/h5>\r\n\t        <div class=\"line-box\"><\/div>\r\n\t        <p>DSS propose des formations sp\u00e9cialis\u00e9es en cybers\u00e9curit\u00e9, dispens\u00e9es par des experts chevronn\u00e9s. Nos programmes de formation sont con\u00e7us pour renforcer les comp\u00e9tences de votre \u00e9quipe, accro\u00eetre la sensibilisation \u00e0 la s\u00e9curit\u00e9 et permettre \u00e0 votre entreprise de faire face aux d\u00e9fis cybern\u00e9tiques avec confiance.\n\n<\/p>\r\n\t    <\/div>\r\n\t    \t\t\t\t<\/div>\n\t\t\t\t<\/div>\n\t\t\t\t\t<\/div>\n\t\t<\/div>\n\t\t\t\t<div class=\"elementor-column elementor-col-33 elementor-inner-column elementor-element elementor-element-b811de8 elementor-hidden-tablet ot-flex-column-vertical\" data-id=\"b811de8\" data-element_type=\"column\" data-e-type=\"column\">\n\t\t\t<div class=\"elementor-widget-wrap elementor-element-populated\">\n\t\t\t\t\t\t<div class=\"elementor-element elementor-element-80c43fa elementor-invisible elementor-widget elementor-widget-iiconbox1\" data-id=\"80c43fa\" data-element_type=\"widget\" data-e-type=\"widget\" data-settings=\"{&quot;_animation&quot;:&quot;fadeInRight&quot;}\" data-widget_type=\"iiconbox1.default\">\n\t\t\t\t<div class=\"elementor-widget-container\">\n\t\t\t\t\t\t\t<div class=\"icon-box-s1\">\r\n\t\t\t<div class=\"icon-main\">\r\n\t\t        \t\t\t    <img decoding=\"async\" src=\"https:\/\/dataswing.ma\/wp-content\/uploads\/2025\/03\/verrouillage-du-cloud.png\" alt=\"S\u00e9curit\u00e9 Cloud\">\t\t        \t        <\/div>\r\n\t        <h5>S\u00e9curit\u00e9 Cloud<\/h5>\r\n\t        <div class=\"line-box\"><\/div>\r\n\t        <p>DSS se sp\u00e9cialise dans la s\u00e9curit\u00e9 cloud, offrant des solutions robustes pour prot\u00e9ger vos donn\u00e9es et applications d\u00e9mat\u00e9rialis\u00e9es. Avec notre approche d\u00e9di\u00e9e \u00e0 la s\u00e9curit\u00e9 dans le cloud, vous pouvez exploiter les avantages de cette technologie \u00e9volutive tout en garantissant une protection optimale contre les menaces potentielles.\n\n\n<\/p>\r\n\t    <\/div>\r\n\t    \t\t\t\t<\/div>\n\t\t\t\t<\/div>\n\t\t\t\t\t<\/div>\n\t\t<\/div>\n\t\t\t\t\t<\/div>\n\t\t<\/section>\n\t\t\t\t\t<\/div>\n\t\t<\/div>\n\t\t\t\t\t<\/div>\n\t\t<\/section>\n\t\t\t\t<\/div>\n\t\t","protected":false},"excerpt":{"rendered":"<p>S\u00e9curit\u00e9 Num\u00e9rique Prot\u00e9gez vos donn\u00e9es et infrastructures avec nos solutions avanc\u00e9es en cybers\u00e9curit\u00e9, d\u00e9tection des menaces et conformit\u00e9. 01 Cybers\u00e9curit\u00e9 Protection avanc\u00e9e des syst\u00e8mes. 02 D\u00e9tection des Menaces Surveillance en temps r\u00e9el. 03 Conformit\u00e9 Respect des normes de s\u00e9curit\u00e9. Analyse des menaces DSS, dot\u00e9 de son expertise reconnue, comprend l\u2019imp\u00e9ratif de mener une analyse approfondie [&hellip;]<\/p>\n","protected":false},"author":2,"featured_media":0,"parent":0,"menu_order":0,"comment_status":"closed","ping_status":"closed","template":"","meta":{"footnotes":""},"class_list":["post-1583","page","type-page","status-publish","hentry"],"_links":{"self":[{"href":"https:\/\/dataswing.ma\/index.php\/wp-json\/wp\/v2\/pages\/1583","targetHints":{"allow":["GET"]}}],"collection":[{"href":"https:\/\/dataswing.ma\/index.php\/wp-json\/wp\/v2\/pages"}],"about":[{"href":"https:\/\/dataswing.ma\/index.php\/wp-json\/wp\/v2\/types\/page"}],"author":[{"embeddable":true,"href":"https:\/\/dataswing.ma\/index.php\/wp-json\/wp\/v2\/users\/2"}],"replies":[{"embeddable":true,"href":"https:\/\/dataswing.ma\/index.php\/wp-json\/wp\/v2\/comments?post=1583"}],"version-history":[{"count":20,"href":"https:\/\/dataswing.ma\/index.php\/wp-json\/wp\/v2\/pages\/1583\/revisions"}],"predecessor-version":[{"id":6062,"href":"https:\/\/dataswing.ma\/index.php\/wp-json\/wp\/v2\/pages\/1583\/revisions\/6062"}],"wp:attachment":[{"href":"https:\/\/dataswing.ma\/index.php\/wp-json\/wp\/v2\/media?parent=1583"}],"curies":[{"name":"wp","href":"https:\/\/api.w.org\/{rel}","templated":true}]}}